{"id":298,"date":"2022-09-09T14:03:41","date_gmt":"2022-09-09T12:03:41","guid":{"rendered":"http:\/\/autosattlereibunn.de\/?page_id=298"},"modified":"2022-09-09T21:11:08","modified_gmt":"2022-09-09T19:11:08","slug":"medizinische-polster","status":"publish","type":"page","link":"https:\/\/autosattlereibunn.de\/?page_id=298","title":{"rendered":"Medizinische Polster"},"content":{"rendered":"\n<p>Reparatur bzw. Erneuerung der Polsterung sowie des Bezuges mit ausgew\u00e4hlten Materialien f\u00fcr den anspruchsvollen Bereich bez\u00fcglich Hygiene und Komfort von:<\/p>\n\n\n\n<ul class=\"wp-block-list\"><li>Behandlungsst\u00fchlen und Patientenliegen von medizinischen, dental, Fitness, Kosmetik und Physiotherapie Praxen und Studios <\/li><\/ul>\n\n\n\n<ul class=\"wp-block-list\"><li>Wartezimmerm\u00f6bel<\/li><\/ul>\n\n\n\n<ul class=\"wp-block-list\"><li>\u00d6ffnungszeiten orientierter Hol- und Bringdienst mit Montageservice<\/li><\/ul>\n\n\n\n<p>Wir empfehlen spezielles Kunstleder f\u00fcr den medizinschen Behandlungsbereich: <\/p>\n\n\n\n<ul class=\"wp-block-list\"><li>Nicht zytotoxisch und nicht reizend zur Schonung der Haut: hat eine antimikrobelle und antivirale Wirkung und schont dabei die Haut der Anwender. Phthalate-frei<\/li><\/ul>\n\n\n\n<ul class=\"wp-block-list\"><li>Antibakteriell, antiviral: optimale Hygiene in anspruchsvollsten Umgebungen. Eliminiert Bakterien und Viren<\/li><\/ul>\n\n\n\n<ul class=\"wp-block-list\"><li>Langlebig: abriebfest und best\u00e4ndig trotz h\u00e4ufiger Reinigung<\/li><\/ul>\n\n\n\n<p><\/p>\n","protected":false},"excerpt":{"rendered":"<p>Reparatur bzw. Erneuerung der Polsterung sowie des Bezuges mit ausgew\u00e4hlten Materialien f\u00fcr den anspruchsvollen Bereich bez\u00fcglich Hygiene und Komfort von: Behandlungsst\u00fchlen und Patientenliegen von medizinischen, dental, Fitness, Kosmetik und Physiotherapie Praxen und Studios Wartezimmerm\u00f6bel \u00d6ffnungszeiten orientierter Hol- und Bringdienst mit Montageservice Wir empfehlen spezielles Kunstleder f\u00fcr den medizinschen Behandlungsbereich: Nicht zytotoxisch und nicht reizend zur [&hellip;]<\/p>\n","protected":false},"author":3,"featured_media":0,"parent":0,"menu_order":0,"comment_status":"closed","ping_status":"closed","template":"","meta":{"_et_pb_use_builder":"","_et_pb_old_content":"","_et_gb_content_width":"","footnotes":""},"class_list":["post-298","page","type-page","status-publish","hentry"],"jetpack_sharing_enabled":true,"_links":{"self":[{"href":"https:\/\/autosattlereibunn.de\/index.php?rest_route=\/wp\/v2\/pages\/298","targetHints":{"allow":["GET"]}}],"collection":[{"href":"https:\/\/autosattlereibunn.de\/index.php?rest_route=\/wp\/v2\/pages"}],"about":[{"href":"https:\/\/autosattlereibunn.de\/index.php?rest_route=\/wp\/v2\/types\/page"}],"author":[{"embeddable":true,"href":"https:\/\/autosattlereibunn.de\/index.php?rest_route=\/wp\/v2\/users\/3"}],"replies":[{"embeddable":true,"href":"https:\/\/autosattlereibunn.de\/index.php?rest_route=%2Fwp%2Fv2%2Fcomments&post=298"}],"version-history":[{"count":7,"href":"https:\/\/autosattlereibunn.de\/index.php?rest_route=\/wp\/v2\/pages\/298\/revisions"}],"predecessor-version":[{"id":310,"href":"https:\/\/autosattlereibunn.de\/index.php?rest_route=\/wp\/v2\/pages\/298\/revisions\/310"}],"wp:attachment":[{"href":"https:\/\/autosattlereibunn.de\/index.php?rest_route=%2Fwp%2Fv2%2Fmedia&parent=298"}],"curies":[{"name":"wp","href":"https:\/\/api.w.org\/{rel}","templated":true}]}}