{"id":6,"date":"2013-10-31T14:22:14","date_gmt":"2013-10-31T12:22:14","guid":{"rendered":"http:\/\/autosattlereibunn.de\/wordpress\/?page_id=6"},"modified":"2025-08-31T20:49:48","modified_gmt":"2025-08-31T18:49:48","slug":"home","status":"publish","type":"page","link":"https:\/\/autosattlereibunn.de\/","title":{"rendered":"Home"},"content":{"rendered":"<p>[et_pb_section admin_label=&#8220;section&#8220;]<br \/>\n\t\t\t[et_pb_row admin_label=&#8220;row&#8220;]<br \/>\n\t\t\t\t[et_pb_column type=&#8220;4_4&#8243;][et_pb_text admin_label=&#8220;Text&#8220;]<\/p>\n<h1>Willkommen<\/h1>\n<p style=\"text-align: left;\">&#8230; bei der Autosattlerei Bunn, seit \u00fcber 26 Jahren ans\u00e4ssig im Herzen des Landkreises Dachau, in Markt Indersdorf. Mittlerweile erstrecken sich hier unsere Produktions- und Lagerr\u00e4ume auf \u00fcber 300m\u00b2.<\/p>\n<p style=\"text-align: left;\">Mit unserer 40 j\u00e4hrigen Berufserfahrung k\u00fcmmern wir uns kompetent um Ihre individuellen Vorstellungen und W\u00fcnsche. Wir begleiten Sie von der Beratung, \u00fcber die Auswahl der Materialen bis hin zur fachm\u00e4nnischen Umsetzung des Projekts. Und das alles zum fairen Preis.<\/p>\n<blockquote>\n<p style=\"text-align: center;\"><em>&#8222;Wir legen sehr viel Wert auf Qualit\u00e4t und Genauigkeit, daher verl\u00e4sst keine Arbeit unsere Werkstatt ohne das sie uns gef\u00e4llt.&#8220;\u00a0 Torsten Bunn, Anna Weinhold &amp; Jan Weinhold<\/em><\/p>\n<\/blockquote>\n<p>[\/et_pb_text][\/et_pb_column]<br \/>\n\t\t\t[\/et_pb_row]<br \/>\n\t\t[\/et_pb_section]<\/p>\n","protected":false},"excerpt":{"rendered":"<p>Willkommen &#8230; bei der Autosattlerei Bunn, seit&#8230;<\/p>\n","protected":false},"author":1,"featured_media":0,"parent":0,"menu_order":0,"comment_status":"closed","ping_status":"closed","template":"","meta":{"_et_pb_use_builder":"on","_et_pb_old_content":"<h1>Willkommen<\/h1>\n<p style=\"text-align: left;\">... bei der Autosattlerei Bunn, seit \u00fcber 26 Jahren ans\u00e4ssig im Herzen des Landkreises Dachau, in Markt Indersdorf. Mittlerweile erstrecken sich hier unsere Produktions- und Lagerr\u00e4ume auf \u00fcber 300m\u00b2.<\/p>\n<p style=\"text-align: left;\">Mit unserer 40 j\u00e4hrigen Berufserfahrung k\u00fcmmern wir uns kompetent um Ihre individuellen Vorstellungen und W\u00fcnsche. Wir begleiten Sie von der Beratung, \u00fcber die Auswahl der Materialen bis hin zur fachm\u00e4nnischen Umsetzung des Projekts. Und das alles zum fairen Preis.<\/p>\n\n<blockquote>\n<p style=\"text-align: center;\"><em>\"Wir legen sehr viel Wert auf Qualit\u00e4t und Genauigkeit, daher verl\u00e4sst keine Arbeit unsere Werkstatt ohne das sie uns gef\u00e4llt.\"\u00a0 Torsten Bunn, Anna Weinhold &amp; Jan Weinhold<\/em><\/p>\n<\/blockquote>","_et_gb_content_width":"","footnotes":""},"class_list":["post-6","page","type-page","status-publish","hentry"],"jetpack_sharing_enabled":true,"_links":{"self":[{"href":"https:\/\/autosattlereibunn.de\/index.php?rest_route=\/wp\/v2\/pages\/6","targetHints":{"allow":["GET"]}}],"collection":[{"href":"https:\/\/autosattlereibunn.de\/index.php?rest_route=\/wp\/v2\/pages"}],"about":[{"href":"https:\/\/autosattlereibunn.de\/index.php?rest_route=\/wp\/v2\/types\/page"}],"author":[{"embeddable":true,"href":"https:\/\/autosattlereibunn.de\/index.php?rest_route=\/wp\/v2\/users\/1"}],"replies":[{"embeddable":true,"href":"https:\/\/autosattlereibunn.de\/index.php?rest_route=%2Fwp%2Fv2%2Fcomments&post=6"}],"version-history":[{"count":15,"href":"https:\/\/autosattlereibunn.de\/index.php?rest_route=\/wp\/v2\/pages\/6\/revisions"}],"predecessor-version":[{"id":351,"href":"https:\/\/autosattlereibunn.de\/index.php?rest_route=\/wp\/v2\/pages\/6\/revisions\/351"}],"wp:attachment":[{"href":"https:\/\/autosattlereibunn.de\/index.php?rest_route=%2Fwp%2Fv2%2Fmedia&parent=6"}],"curies":[{"name":"wp","href":"https:\/\/api.w.org\/{rel}","templated":true}]}}