{"id":61,"date":"2013-11-08T09:14:50","date_gmt":"2013-11-08T07:14:50","guid":{"rendered":"http:\/\/autosattlereibunn.de\/wordpress\/?page_id=61"},"modified":"2020-11-15T21:41:14","modified_gmt":"2020-11-15T19:41:14","slug":"autoinnenausstattung","status":"publish","type":"page","link":"https:\/\/autosattlereibunn.de\/?page_id=61","title":{"rendered":"Autoinnenausstattung"},"content":{"rendered":"<p align=\"JUSTIFY\">T\u00fcrverkleidung, Sitze, Teppich, Fahrzeughimmel oder gleich der komplette Fahrzeuginnenbereich bei uns erhalten Sie alles aus einer Hand. Wir restaurieren die Autoinnenausstattung Ihres Young- oder Oldtimer m\u00f6glichst originalgetreu.<\/p>\n<p align=\"JUSTIFY\">Individuelle Autoinnenausstattungen f\u00fcr Show- und Tunningfahrzeuge, sowie f\u00fcr Ihren Alltagswagen erhalten Sie bei uns nach Ihren pers\u00f6nlichen Vorstellungen und W\u00fcnschen. Wir beraten Sie gerne bei\u00a0 Auswahl und Kombination der unz\u00e4hligen Materialien und Farbm\u00f6glichkeiten von Leder, Alcantara und Stoffen.<\/p>\n<p align=\"JUSTIFY\">Nat\u00fcrlich f\u00fchren wir auch Reparaturen an Sitzbez\u00fcgen und Polsterungen durch, als auch das Nachr\u00fcsten\u00a0 von Sitzheizungen, Lordosenst\u00fctzen, Kopst\u00fctzen und Armlehnen.<\/p>\n\n\t\t<style type=\"text\/css\">\n\t\t\t#gallery-1 {\n\t\t\t\tmargin: auto;\n\t\t\t}\n\t\t\t#gallery-1 .gallery-item {\n\t\t\t\tfloat: left;\n\t\t\t\tmargin-top: 10px;\n\t\t\t\ttext-align: center;\n\t\t\t\twidth: 25%;\n\t\t\t}\n\t\t\t#gallery-1 img {\n\t\t\t\tborder: 2px solid #cfcfcf;\n\t\t\t}\n\t\t\t#gallery-1 .gallery-caption {\n\t\t\t\tmargin-left: 0;\n\t\t\t}\n\t\t\t\/* see gallery_shortcode() in wp-includes\/media.php *\/\n\t\t<\/style>\n\t\t<div id='gallery-1' class='gallery galleryid-61 gallery-columns-4 gallery-size-thumbnail'><dl class='gallery-item'>\n\t\t\t<dt class='gallery-icon landscape'>\n\t\t\t\t<a href='https:\/\/autosattlereibunn.de\/?attachment_id=266'><img loading=\"lazy\" decoding=\"async\" width=\"150\" height=\"150\" src=\"https:\/\/autosattlereibunn.de\/wp-content\/uploads\/2020\/11\/3.-Frontsitze-1941-JK-150x150.jpg\" class=\"attachment-thumbnail size-thumbnail\" alt=\"\" \/><\/a>\n\t\t\t<\/dt><\/dl><dl class='gallery-item'>\n\t\t\t<dt class='gallery-icon landscape'>\n\t\t\t\t<a href='https:\/\/autosattlereibunn.de\/?attachment_id=265'><img loading=\"lazy\" decoding=\"async\" width=\"150\" height=\"150\" src=\"https:\/\/autosattlereibunn.de\/wp-content\/uploads\/2020\/11\/2.-Bedieneinheit-Klima-JK-150x150.jpg\" class=\"attachment-thumbnail size-thumbnail\" alt=\"\" \/><\/a>\n\t\t\t<\/dt><\/dl><dl class='gallery-item'>\n\t\t\t<dt class='gallery-icon landscape'>\n\t\t\t\t<a href='https:\/\/autosattlereibunn.de\/?attachment_id=264'><img loading=\"lazy\" decoding=\"async\" width=\"150\" height=\"150\" src=\"https:\/\/autosattlereibunn.de\/wp-content\/uploads\/2020\/11\/1.-Armlehne-JK-150x150.jpg\" class=\"attachment-thumbnail size-thumbnail\" alt=\"\" \/><\/a>\n\t\t\t<\/dt><\/dl><dl class='gallery-item'>\n\t\t\t<dt class='gallery-icon landscape'>\n\t\t\t\t<a href='https:\/\/autosattlereibunn.de\/?attachment_id=269'><img loading=\"lazy\" decoding=\"async\" width=\"150\" height=\"150\" src=\"https:\/\/autosattlereibunn.de\/wp-content\/uploads\/2020\/11\/7.-Lenkrad-JK-150x150.jpg\" class=\"attachment-thumbnail size-thumbnail\" alt=\"\" \/><\/a>\n\t\t\t<\/dt><\/dl><br style=\"clear: both\" \/><dl class='gallery-item'>\n\t\t\t<dt class='gallery-icon portrait'>\n\t\t\t\t<a href='https:\/\/autosattlereibunn.de\/?attachment_id=267'><img loading=\"lazy\" decoding=\"async\" width=\"150\" height=\"150\" src=\"https:\/\/autosattlereibunn.de\/wp-content\/uploads\/2020\/11\/5.-SportSitz-JK-2-150x150.jpg\" class=\"attachment-thumbnail size-thumbnail\" alt=\"\" \/><\/a>\n\t\t\t<\/dt><\/dl><dl class='gallery-item'>\n\t\t\t<dt class='gallery-icon portrait'>\n\t\t\t\t<a href='https:\/\/autosattlereibunn.de\/?attachment_id=268'><img loading=\"lazy\" decoding=\"async\" width=\"150\" height=\"150\" src=\"https:\/\/autosattlereibunn.de\/wp-content\/uploads\/2020\/11\/6.-Sportsitz-JK-Rueckansicht-150x150.jpg\" class=\"attachment-thumbnail size-thumbnail\" alt=\"\" \/><\/a>\n\t\t\t<\/dt><\/dl><dl class='gallery-item'>\n\t\t\t<dt class='gallery-icon landscape'>\n\t\t\t\t<a href='https:\/\/autosattlereibunn.de\/?attachment_id=270'><img loading=\"lazy\" decoding=\"async\" width=\"150\" height=\"150\" src=\"https:\/\/autosattlereibunn.de\/wp-content\/uploads\/2020\/11\/8.-Ruecksitzbank-JK-rot-150x150.jpg\" class=\"attachment-thumbnail size-thumbnail\" alt=\"\" \/><\/a>\n\t\t\t<\/dt><\/dl><dl class='gallery-item'>\n\t\t\t<dt class='gallery-icon landscape'>\n\t\t\t\t<a href='https:\/\/autosattlereibunn.de\/?attachment_id=278'><img loading=\"lazy\" decoding=\"async\" width=\"150\" height=\"150\" src=\"https:\/\/autosattlereibunn.de\/wp-content\/uploads\/2020\/11\/4.Golf-Innenausstattung-150x150.jpeg\" class=\"attachment-thumbnail size-thumbnail\" alt=\"\" \/><\/a>\n\t\t\t<\/dt><\/dl><br style=\"clear: both\" \/><dl class='gallery-item'>\n\t\t\t<dt class='gallery-icon portrait'>\n\t\t\t\t<a href='https:\/\/autosattlereibunn.de\/?attachment_id=189'><img loading=\"lazy\" decoding=\"async\" width=\"150\" height=\"150\" src=\"https:\/\/autosattlereibunn.de\/wp-content\/uploads\/2014\/07\/DSCF0651-150x150.jpg\" class=\"attachment-thumbnail size-thumbnail\" alt=\"\" \/><\/a>\n\t\t\t<\/dt><\/dl><dl class='gallery-item'>\n\t\t\t<dt class='gallery-icon landscape'>\n\t\t\t\t<a href='https:\/\/autosattlereibunn.de\/?attachment_id=188'><img loading=\"lazy\" decoding=\"async\" width=\"150\" height=\"150\" src=\"https:\/\/autosattlereibunn.de\/wp-content\/uploads\/2014\/07\/TR-6-29-150x150.jpg\" class=\"attachment-thumbnail size-thumbnail\" alt=\"\" \/><\/a>\n\t\t\t<\/dt><\/dl><dl class='gallery-item'>\n\t\t\t<dt class='gallery-icon landscape'>\n\t\t\t\t<a href='https:\/\/autosattlereibunn.de\/?attachment_id=183'><img loading=\"lazy\" decoding=\"async\" width=\"150\" height=\"150\" src=\"https:\/\/autosattlereibunn.de\/wp-content\/uploads\/2014\/07\/DSCF0418-150x150.jpg\" class=\"attachment-thumbnail size-thumbnail\" alt=\"\" \/><\/a>\n\t\t\t<\/dt><\/dl><dl class='gallery-item'>\n\t\t\t<dt class='gallery-icon landscape'>\n\t\t\t\t<a href='https:\/\/autosattlereibunn.de\/?attachment_id=182'><img loading=\"lazy\" decoding=\"async\" width=\"150\" height=\"150\" src=\"https:\/\/autosattlereibunn.de\/wp-content\/uploads\/2014\/07\/DSCF0417-150x150.jpg\" class=\"attachment-thumbnail size-thumbnail\" alt=\"\" \/><\/a>\n\t\t\t<\/dt><\/dl><br style=\"clear: both\" \/><dl class='gallery-item'>\n\t\t\t<dt class='gallery-icon landscape'>\n\t\t\t\t<a href='https:\/\/autosattlereibunn.de\/?attachment_id=184'><img loading=\"lazy\" decoding=\"async\" width=\"150\" height=\"150\" src=\"https:\/\/autosattlereibunn.de\/wp-content\/uploads\/2014\/07\/DSCF0565-150x150.jpg\" class=\"attachment-thumbnail size-thumbnail\" alt=\"\" \/><\/a>\n\t\t\t<\/dt><\/dl><dl class='gallery-item'>\n\t\t\t<dt class='gallery-icon landscape'>\n\t\t\t\t<a href='https:\/\/autosattlereibunn.de\/?attachment_id=185'><img loading=\"lazy\" decoding=\"async\" width=\"150\" height=\"150\" src=\"https:\/\/autosattlereibunn.de\/wp-content\/uploads\/2014\/07\/DSCF0551-150x150.jpg\" class=\"attachment-thumbnail size-thumbnail\" alt=\"\" \/><\/a>\n\t\t\t<\/dt><\/dl><dl class='gallery-item'>\n\t\t\t<dt class='gallery-icon landscape'>\n\t\t\t\t<a href='https:\/\/autosattlereibunn.de\/?attachment_id=186'><img loading=\"lazy\" decoding=\"async\" width=\"150\" height=\"150\" src=\"https:\/\/autosattlereibunn.de\/wp-content\/uploads\/2014\/07\/DSCF0559-150x150.jpg\" class=\"attachment-thumbnail size-thumbnail\" alt=\"\" \/><\/a>\n\t\t\t<\/dt><\/dl><dl class='gallery-item'>\n\t\t\t<dt class='gallery-icon landscape'>\n\t\t\t\t<a href='https:\/\/autosattlereibunn.de\/?attachment_id=187'><img loading=\"lazy\" decoding=\"async\" width=\"150\" height=\"150\" src=\"https:\/\/autosattlereibunn.de\/wp-content\/uploads\/2014\/07\/DSCF0585-150x150.jpg\" class=\"attachment-thumbnail size-thumbnail\" alt=\"\" \/><\/a>\n\t\t\t<\/dt><\/dl><br style=\"clear: both\" \/><dl class='gallery-item'>\n\t\t\t<dt class='gallery-icon landscape'>\n\t\t\t\t<a href='https:\/\/autosattlereibunn.de\/?attachment_id=141'><img loading=\"lazy\" decoding=\"async\" width=\"150\" height=\"150\" src=\"https:\/\/autosattlereibunn.de\/wp-content\/uploads\/2013\/10\/Mercedes-SL-300-150x150.jpg\" class=\"attachment-thumbnail size-thumbnail\" alt=\"\" \/><\/a>\n\t\t\t<\/dt><\/dl><dl class='gallery-item'>\n\t\t\t<dt class='gallery-icon landscape'>\n\t\t\t\t<a href='https:\/\/autosattlereibunn.de\/?attachment_id=140'><img loading=\"lazy\" decoding=\"async\" width=\"150\" height=\"150\" src=\"https:\/\/autosattlereibunn.de\/wp-content\/uploads\/2013\/10\/Jeep-Ledersitze-002-150x150.jpg\" class=\"attachment-thumbnail size-thumbnail\" alt=\"\" \/><\/a>\n\t\t\t<\/dt><\/dl><dl class='gallery-item'>\n\t\t\t<dt class='gallery-icon landscape'>\n\t\t\t\t<a href='https:\/\/autosattlereibunn.de\/?attachment_id=138'><img loading=\"lazy\" decoding=\"async\" width=\"150\" height=\"150\" src=\"https:\/\/autosattlereibunn.de\/wp-content\/uploads\/2013\/10\/BMW-3.0-CSI-12-150x150.jpg\" class=\"attachment-thumbnail size-thumbnail\" alt=\"\" \/><\/a>\n\t\t\t<\/dt><\/dl><dl class='gallery-item'>\n\t\t\t<dt class='gallery-icon landscape'>\n\t\t\t\t<a href='https:\/\/autosattlereibunn.de\/?attachment_id=136'><img loading=\"lazy\" decoding=\"async\" width=\"150\" height=\"150\" src=\"https:\/\/autosattlereibunn.de\/wp-content\/uploads\/2013\/11\/Corvette-C3-27-150x150.jpg\" class=\"attachment-thumbnail size-thumbnail\" alt=\"\" \/><\/a>\n\t\t\t<\/dt><\/dl><br style=\"clear: both\" \/><dl class='gallery-item'>\n\t\t\t<dt class='gallery-icon landscape'>\n\t\t\t\t<a href='https:\/\/autosattlereibunn.de\/?attachment_id=144'><img loading=\"lazy\" decoding=\"async\" width=\"150\" height=\"150\" src=\"https:\/\/autosattlereibunn.de\/wp-content\/uploads\/2013\/11\/Calibra-LA-7-150x150.jpg\" class=\"attachment-thumbnail size-thumbnail\" alt=\"\" \/><\/a>\n\t\t\t<\/dt><\/dl><dl class='gallery-item'>\n\t\t\t<dt class='gallery-icon landscape'>\n\t\t\t\t<a href='https:\/\/autosattlereibunn.de\/?attachment_id=142'><img loading=\"lazy\" decoding=\"async\" width=\"150\" height=\"150\" src=\"https:\/\/autosattlereibunn.de\/wp-content\/uploads\/2013\/11\/Porsche-911-14-150x150.jpg\" class=\"attachment-thumbnail size-thumbnail\" alt=\"\" \/><\/a>\n\t\t\t<\/dt><\/dl><dl class='gallery-item'>\n\t\t\t<dt class='gallery-icon landscape'>\n\t\t\t\t<a href='https:\/\/autosattlereibunn.de\/?attachment_id=145'><img loading=\"lazy\" decoding=\"async\" width=\"150\" height=\"150\" src=\"https:\/\/autosattlereibunn.de\/wp-content\/uploads\/2013\/11\/Auburn-Speedster-14-150x150.jpg\" class=\"attachment-thumbnail size-thumbnail\" alt=\"\" \/><\/a>\n\t\t\t<\/dt><\/dl><dl class='gallery-item'>\n\t\t\t<dt class='gallery-icon portrait'>\n\t\t\t\t<a href='https:\/\/autosattlereibunn.de\/?attachment_id=279'><img loading=\"lazy\" decoding=\"async\" width=\"150\" height=\"150\" src=\"https:\/\/autosattlereibunn.de\/wp-content\/uploads\/2020\/11\/Opel-Sitz-150x150.jpg\" class=\"attachment-thumbnail size-thumbnail\" alt=\"\" \/><\/a>\n\t\t\t<\/dt><\/dl><br style=\"clear: both\" \/>\n\t\t<\/div>\n\n","protected":false},"excerpt":{"rendered":"<p>T\u00fcrverkleidung, Sitze, Teppich, Fahrzeughimmel oder gleich der komplette Fahrzeuginnenbereich bei uns erhalten Sie alles aus einer Hand. Wir restaurieren die Autoinnenausstattung Ihres Young- oder Oldtimer m\u00f6glichst originalgetreu. Individuelle Autoinnenausstattungen f\u00fcr Show- und Tunningfahrzeuge, sowie f\u00fcr Ihren Alltagswagen erhalten Sie bei uns nach Ihren pers\u00f6nlichen Vorstellungen und W\u00fcnschen. Wir beraten Sie gerne bei\u00a0 Auswahl und Kombination [&hellip;]<\/p>\n","protected":false},"author":1,"featured_media":136,"parent":0,"menu_order":0,"comment_status":"closed","ping_status":"closed","template":"","meta":{"_et_pb_use_builder":"","_et_pb_old_content":"","_et_gb_content_width":"","footnotes":""},"class_list":["post-61","page","type-page","status-publish","has-post-thumbnail","hentry"],"jetpack_sharing_enabled":true,"_links":{"self":[{"href":"https:\/\/autosattlereibunn.de\/index.php?rest_route=\/wp\/v2\/pages\/61","targetHints":{"allow":["GET"]}}],"collection":[{"href":"https:\/\/autosattlereibunn.de\/index.php?rest_route=\/wp\/v2\/pages"}],"about":[{"href":"https:\/\/autosattlereibunn.de\/index.php?rest_route=\/wp\/v2\/types\/page"}],"author":[{"embeddable":true,"href":"https:\/\/autosattlereibunn.de\/index.php?rest_route=\/wp\/v2\/users\/1"}],"replies":[{"embeddable":true,"href":"https:\/\/autosattlereibunn.de\/index.php?rest_route=%2Fwp%2Fv2%2Fcomments&post=61"}],"version-history":[{"count":14,"href":"https:\/\/autosattlereibunn.de\/index.php?rest_route=\/wp\/v2\/pages\/61\/revisions"}],"predecessor-version":[{"id":280,"href":"https:\/\/autosattlereibunn.de\/index.php?rest_route=\/wp\/v2\/pages\/61\/revisions\/280"}],"wp:featuredmedia":[{"embeddable":true,"href":"https:\/\/autosattlereibunn.de\/index.php?rest_route=\/wp\/v2\/media\/136"}],"wp:attachment":[{"href":"https:\/\/autosattlereibunn.de\/index.php?rest_route=%2Fwp%2Fv2%2Fmedia&parent=61"}],"curies":[{"name":"wp","href":"https:\/\/api.w.org\/{rel}","templated":true}]}}