{"id":63,"date":"2013-11-08T09:15:34","date_gmt":"2013-11-08T07:15:34","guid":{"rendered":"http:\/\/autosattlereibunn.de\/wordpress\/?page_id=63"},"modified":"2020-11-15T21:35:16","modified_gmt":"2020-11-15T19:35:16","slug":"cabrio-verdecke","status":"publish","type":"page","link":"https:\/\/autosattlereibunn.de\/?page_id=63","title":{"rendered":"Cabrio-Verdecke"},"content":{"rendered":"<p>Wir erneuern und reparieren s\u00e4mtliche Cabrios. Es werden Verdeckbez\u00fcge von namhaften Zulieferern verarbeitet, die ausschlie\u00dflich auf hochwertige Materialen setzen um Ihr Fahrzeug optimal aussehen zu lassen. F\u00fcr seltene Fahrzeugtypen stellen wir in unserem Unternehmen passgenaue Verdecke, dem Original \u00e4hnlich her. Nat\u00fcrlich sind auch hier \u00c4nderungen nach Ihren W\u00fcnschen m\u00f6glich. Auch das Verdeckgest\u00e4nge ist bei uns in guten H\u00e4nden.<\/p>\n\n\t\t<style type=\"text\/css\">\n\t\t\t#gallery-1 {\n\t\t\t\tmargin: auto;\n\t\t\t}\n\t\t\t#gallery-1 .gallery-item {\n\t\t\t\tfloat: left;\n\t\t\t\tmargin-top: 10px;\n\t\t\t\ttext-align: center;\n\t\t\t\twidth: 33%;\n\t\t\t}\n\t\t\t#gallery-1 img {\n\t\t\t\tborder: 2px solid #cfcfcf;\n\t\t\t}\n\t\t\t#gallery-1 .gallery-caption {\n\t\t\t\tmargin-left: 0;\n\t\t\t}\n\t\t\t\/* see gallery_shortcode() in wp-includes\/media.php *\/\n\t\t<\/style>\n\t\t<div id='gallery-1' class='gallery galleryid-63 gallery-columns-3 gallery-size-thumbnail'><dl class='gallery-item'>\n\t\t\t<dt class='gallery-icon landscape'>\n\t\t\t\t<a href='https:\/\/autosattlereibunn.de\/?attachment_id=273'><img loading=\"lazy\" decoding=\"async\" width=\"150\" height=\"150\" src=\"https:\/\/autosattlereibunn.de\/wp-content\/uploads\/2020\/11\/9.-Verdeck-190SL-150x150.jpg\" class=\"attachment-thumbnail size-thumbnail\" alt=\"\" aria-describedby=\"gallery-1-273\" \/><\/a>\n\t\t\t<\/dt>\n\t\t\t\t<dd class='wp-caption-text gallery-caption' id='gallery-1-273'>\n\t\t\t\tMercedes 190 SL\n\t\t\t\t<\/dd><\/dl><dl class='gallery-item'>\n\t\t\t<dt class='gallery-icon landscape'>\n\t\t\t\t<a href='https:\/\/autosattlereibunn.de\/?attachment_id=274'><img loading=\"lazy\" decoding=\"async\" width=\"150\" height=\"150\" src=\"https:\/\/autosattlereibunn.de\/wp-content\/uploads\/2020\/11\/Austin-Healey-3000Z-150x150.jpg\" class=\"attachment-thumbnail size-thumbnail\" alt=\"\" aria-describedby=\"gallery-1-274\" \/><\/a>\n\t\t\t<\/dt>\n\t\t\t\t<dd class='wp-caption-text gallery-caption' id='gallery-1-274'>\n\t\t\t\tAustin Healey 3000Z\n\t\t\t\t<\/dd><\/dl><dl class='gallery-item'>\n\t\t\t<dt class='gallery-icon landscape'>\n\t\t\t\t<a href='https:\/\/autosattlereibunn.de\/?attachment_id=148'><img loading=\"lazy\" decoding=\"async\" width=\"150\" height=\"150\" src=\"https:\/\/autosattlereibunn.de\/wp-content\/uploads\/2013\/11\/C3-Cabrio-Stingray-47-150x150.jpg\" class=\"attachment-thumbnail size-thumbnail\" alt=\"\" aria-describedby=\"gallery-1-148\" \/><\/a>\n\t\t\t<\/dt>\n\t\t\t\t<dd class='wp-caption-text gallery-caption' id='gallery-1-148'>\n\t\t\t\tCorvette C3 Stingray\n\t\t\t\t<\/dd><\/dl><br style=\"clear: both\" \/><dl class='gallery-item'>\n\t\t\t<dt class='gallery-icon landscape'>\n\t\t\t\t<a href='https:\/\/autosattlereibunn.de\/?attachment_id=221'><img loading=\"lazy\" decoding=\"async\" width=\"150\" height=\"150\" src=\"https:\/\/autosattlereibunn.de\/wp-content\/uploads\/2013\/11\/Porsche-996-Cabrio-1A-150x150.jpg\" class=\"attachment-thumbnail size-thumbnail\" alt=\"\" aria-describedby=\"gallery-1-221\" \/><\/a>\n\t\t\t<\/dt>\n\t\t\t\t<dd class='wp-caption-text gallery-caption' id='gallery-1-221'>\n\t\t\t\tPorsche Cabrio 996\n\t\t\t\t<\/dd><\/dl><dl class='gallery-item'>\n\t\t\t<dt class='gallery-icon landscape'>\n\t\t\t\t<a href='https:\/\/autosattlereibunn.de\/?attachment_id=153'><img loading=\"lazy\" decoding=\"async\" width=\"150\" height=\"150\" src=\"https:\/\/autosattlereibunn.de\/wp-content\/uploads\/2013\/11\/1303-Cabrio-15-150x150.jpg\" class=\"attachment-thumbnail size-thumbnail\" alt=\"\" aria-describedby=\"gallery-1-153\" \/><\/a>\n\t\t\t<\/dt>\n\t\t\t\t<dd class='wp-caption-text gallery-caption' id='gallery-1-153'>\n\t\t\t\tVW K\u00e4fer\n\t\t\t\t<\/dd><\/dl><dl class='gallery-item'>\n\t\t\t<dt class='gallery-icon landscape'>\n\t\t\t\t<a href='https:\/\/autosattlereibunn.de\/?attachment_id=152'><img loading=\"lazy\" decoding=\"async\" width=\"150\" height=\"150\" src=\"https:\/\/autosattlereibunn.de\/wp-content\/uploads\/2013\/11\/Porsche-911-19-150x150.jpg\" class=\"attachment-thumbnail size-thumbnail\" alt=\"\" aria-describedby=\"gallery-1-152\" \/><\/a>\n\t\t\t<\/dt>\n\t\t\t\t<dd class='wp-caption-text gallery-caption' id='gallery-1-152'>\n\t\t\t\tPorsche 911\n\t\t\t\t<\/dd><\/dl><br style=\"clear: both\" \/><dl class='gallery-item'>\n\t\t\t<dt class='gallery-icon landscape'>\n\t\t\t\t<a href='https:\/\/autosattlereibunn.de\/?attachment_id=151'><img loading=\"lazy\" decoding=\"async\" width=\"150\" height=\"150\" src=\"https:\/\/autosattlereibunn.de\/wp-content\/uploads\/2013\/11\/28.04.05-001-150x150.jpg\" class=\"attachment-thumbnail size-thumbnail\" alt=\"\" aria-describedby=\"gallery-1-151\" \/><\/a>\n\t\t\t<\/dt>\n\t\t\t\t<dd class='wp-caption-text gallery-caption' id='gallery-1-151'>\n\t\t\t\tMercedes SL\n\t\t\t\t<\/dd><\/dl><dl class='gallery-item'>\n\t\t\t<dt class='gallery-icon landscape'>\n\t\t\t\t<a href='https:\/\/autosattlereibunn.de\/?attachment_id=149'><img loading=\"lazy\" decoding=\"async\" width=\"150\" height=\"150\" src=\"https:\/\/autosattlereibunn.de\/wp-content\/uploads\/2013\/11\/Crysler2-150x150.jpg\" class=\"attachment-thumbnail size-thumbnail\" alt=\"\" aria-describedby=\"gallery-1-149\" \/><\/a>\n\t\t\t<\/dt>\n\t\t\t\t<dd class='wp-caption-text gallery-caption' id='gallery-1-149'>\n\t\t\t\tChrysler LeBaron\n\t\t\t\t<\/dd><\/dl><dl class='gallery-item'>\n\t\t\t<dt class='gallery-icon landscape'>\n\t\t\t\t<a href='https:\/\/autosattlereibunn.de\/?attachment_id=150'><img loading=\"lazy\" decoding=\"async\" width=\"150\" height=\"150\" src=\"https:\/\/autosattlereibunn.de\/wp-content\/uploads\/2013\/11\/Ford-Mustang-Cabrio-Bj.2005-150x150.jpg\" class=\"attachment-thumbnail size-thumbnail\" alt=\"\" aria-describedby=\"gallery-1-150\" \/><\/a>\n\t\t\t<\/dt>\n\t\t\t\t<dd class='wp-caption-text gallery-caption' id='gallery-1-150'>\n\t\t\t\tFord Mustang\n\t\t\t\t<\/dd><\/dl><br style=\"clear: both\" \/>\n\t\t<\/div>\n\n","protected":false},"excerpt":{"rendered":"<p>Wir erneuern und reparieren s\u00e4mtliche Cabrios. Es werden Verdeckbez\u00fcge von namhaften Zulieferern verarbeitet, die ausschlie\u00dflich auf hochwertige Materialen setzen um Ihr Fahrzeug optimal aussehen zu lassen. F\u00fcr seltene Fahrzeugtypen stellen wir in unserem Unternehmen passgenaue Verdecke, dem Original \u00e4hnlich her. Nat\u00fcrlich sind auch hier \u00c4nderungen nach Ihren W\u00fcnschen m\u00f6glich. Auch das Verdeckgest\u00e4nge ist bei uns [&hellip;]<\/p>\n","protected":false},"author":1,"featured_media":0,"parent":0,"menu_order":0,"comment_status":"closed","ping_status":"closed","template":"","meta":{"_et_pb_use_builder":"","_et_pb_old_content":"","_et_gb_content_width":"","footnotes":""},"class_list":["post-63","page","type-page","status-publish","hentry"],"jetpack_sharing_enabled":true,"_links":{"self":[{"href":"https:\/\/autosattlereibunn.de\/index.php?rest_route=\/wp\/v2\/pages\/63","targetHints":{"allow":["GET"]}}],"collection":[{"href":"https:\/\/autosattlereibunn.de\/index.php?rest_route=\/wp\/v2\/pages"}],"about":[{"href":"https:\/\/autosattlereibunn.de\/index.php?rest_route=\/wp\/v2\/types\/page"}],"author":[{"embeddable":true,"href":"https:\/\/autosattlereibunn.de\/index.php?rest_route=\/wp\/v2\/users\/1"}],"replies":[{"embeddable":true,"href":"https:\/\/autosattlereibunn.de\/index.php?rest_route=%2Fwp%2Fv2%2Fcomments&post=63"}],"version-history":[{"count":6,"href":"https:\/\/autosattlereibunn.de\/index.php?rest_route=\/wp\/v2\/pages\/63\/revisions"}],"predecessor-version":[{"id":276,"href":"https:\/\/autosattlereibunn.de\/index.php?rest_route=\/wp\/v2\/pages\/63\/revisions\/276"}],"wp:attachment":[{"href":"https:\/\/autosattlereibunn.de\/index.php?rest_route=%2Fwp%2Fv2%2Fmedia&parent=63"}],"curies":[{"name":"wp","href":"https:\/\/api.w.org\/{rel}","templated":true}]}}