{"id":67,"date":"2013-11-08T09:16:32","date_gmt":"2013-11-08T07:16:32","guid":{"rendered":"http:\/\/autosattlereibunn.de\/wordpress\/?page_id=67"},"modified":"2019-02-27T23:21:01","modified_gmt":"2019-02-27T21:21:01","slug":"polstermoebel","status":"publish","type":"page","link":"https:\/\/autosattlereibunn.de\/?page_id=67","title":{"rendered":"Polsterm\u00f6bel"},"content":{"rendered":"<p>Ob Leder- oder Stoffbez\u00fcge, wenn Ihre Sitzm\u00f6bel einen neuen Bezug ben\u00f6tigen, dann sind Sie bei uns genau richtig. Wir beziehen Ihr Lieblingsst\u00fcck nicht nur neu, sondern verbessern auch das gesamte Innenleben bei Bedarf.<\/p>\n<p>Dies gelingt uns durch jahrelange Arbeit mit einigen kompetenten Schreiner &#8211; Fachbetrieben in n\u00e4herer Umgebung. Aus dieser gemeinsamen Produktion entstehen absolute Einzelst\u00fccke in Stoff und Leder. Ob Sitzecken, St\u00fchle, Couchen, Sessel, Barhocker, Matratzen oder Betten. Ja sogar eine ganze Bar &#8211; und Restaurant &#8211; Ausstattung wurde von uns nach Kundenwunsch hergestellt. Wie Sie sehen k\u00f6nnen erhalten Sie bei uns keine M\u00f6bel von der Stange, sondern nur exklusive nach Kundenwunsch erstellte Einzelst\u00fccke.<\/p>\n<p>Bei uns erhalten Sie nicht irgend etwas, sondern da\u00df was Sie haben m\u00f6chten.<\/p>\n<p>Mit unserer langj\u00e4hrigen Erfahrung stehen wir Ihnen kompetent mit Rat und Tat zur Seite.<\/p>\n\n\t\t<style type=\"text\/css\">\n\t\t\t#gallery-1 {\n\t\t\t\tmargin: auto;\n\t\t\t}\n\t\t\t#gallery-1 .gallery-item {\n\t\t\t\tfloat: left;\n\t\t\t\tmargin-top: 10px;\n\t\t\t\ttext-align: center;\n\t\t\t\twidth: 50%;\n\t\t\t}\n\t\t\t#gallery-1 img {\n\t\t\t\tborder: 2px solid #cfcfcf;\n\t\t\t}\n\t\t\t#gallery-1 .gallery-caption {\n\t\t\t\tmargin-left: 0;\n\t\t\t}\n\t\t\t\/* see gallery_shortcode() in wp-includes\/media.php *\/\n\t\t<\/style>\n\t\t<div id='gallery-1' class='gallery galleryid-67 gallery-columns-2 gallery-size-thumbnail'><dl class='gallery-item'>\n\t\t\t<dt class='gallery-icon landscape'>\n\t\t\t\t<a href='https:\/\/autosattlereibunn.de\/?attachment_id=158'><img loading=\"lazy\" decoding=\"async\" width=\"150\" height=\"150\" src=\"https:\/\/autosattlereibunn.de\/wp-content\/uploads\/2013\/11\/28.04.05-006-150x150.jpg\" class=\"attachment-thumbnail size-thumbnail\" alt=\"\" aria-describedby=\"gallery-1-158\" \/><\/a>\n\t\t\t<\/dt>\n\t\t\t\t<dd class='wp-caption-text gallery-caption' id='gallery-1-158'>\n\t\t\t\tCouch\n\t\t\t\t<\/dd><\/dl><dl class='gallery-item'>\n\t\t\t<dt class='gallery-icon portrait'>\n\t\t\t\t<a href='https:\/\/autosattlereibunn.de\/?attachment_id=159'><img loading=\"lazy\" decoding=\"async\" width=\"150\" height=\"150\" src=\"https:\/\/autosattlereibunn.de\/wp-content\/uploads\/2013\/11\/28.04.05-033-150x150.jpg\" class=\"attachment-thumbnail size-thumbnail\" alt=\"\" aria-describedby=\"gallery-1-159\" \/><\/a>\n\t\t\t<\/dt>\n\t\t\t\t<dd class='wp-caption-text gallery-caption' id='gallery-1-159'>\n\t\t\t\tSessel\n\t\t\t\t<\/dd><\/dl><br style=\"clear: both\" \/><dl class='gallery-item'>\n\t\t\t<dt class='gallery-icon landscape'>\n\t\t\t\t<a href='https:\/\/autosattlereibunn.de\/?attachment_id=160'><img loading=\"lazy\" decoding=\"async\" width=\"150\" height=\"150\" src=\"https:\/\/autosattlereibunn.de\/wp-content\/uploads\/2013\/11\/neu-074-150x150.jpg\" class=\"attachment-thumbnail size-thumbnail\" alt=\"\" aria-describedby=\"gallery-1-160\" \/><\/a>\n\t\t\t<\/dt>\n\t\t\t\t<dd class='wp-caption-text gallery-caption' id='gallery-1-160'>\n\t\t\t\tSessel und Hocker\n\t\t\t\t<\/dd><\/dl><dl class='gallery-item'>\n\t\t\t<dt class='gallery-icon landscape'>\n\t\t\t\t<a href='https:\/\/autosattlereibunn.de\/?attachment_id=161'><img loading=\"lazy\" decoding=\"async\" width=\"150\" height=\"150\" src=\"https:\/\/autosattlereibunn.de\/wp-content\/uploads\/2013\/11\/Echbank-03-150x150.jpg\" class=\"attachment-thumbnail size-thumbnail\" alt=\"\" aria-describedby=\"gallery-1-161\" \/><\/a>\n\t\t\t<\/dt>\n\t\t\t\t<dd class='wp-caption-text gallery-caption' id='gallery-1-161'>\n\t\t\t\tEckbank\n\t\t\t\t<\/dd><\/dl><br style=\"clear: both\" \/><dl class='gallery-item'>\n\t\t\t<dt class='gallery-icon landscape'>\n\t\t\t\t<a href='https:\/\/autosattlereibunn.de\/?attachment_id=162'><img loading=\"lazy\" decoding=\"async\" width=\"150\" height=\"150\" src=\"https:\/\/autosattlereibunn.de\/wp-content\/uploads\/2013\/11\/neu-078-150x150.jpg\" class=\"attachment-thumbnail size-thumbnail\" alt=\"\" aria-describedby=\"gallery-1-162\" \/><\/a>\n\t\t\t<\/dt>\n\t\t\t\t<dd class='wp-caption-text gallery-caption' id='gallery-1-162'>\n\t\t\t\tKinderwagen\n\t\t\t\t<\/dd><\/dl><dl class='gallery-item'>\n\t\t\t<dt class='gallery-icon landscape'>\n\t\t\t\t<a href='https:\/\/autosattlereibunn.de\/?attachment_id=163'><img loading=\"lazy\" decoding=\"async\" width=\"150\" height=\"150\" src=\"https:\/\/autosattlereibunn.de\/wp-content\/uploads\/2013\/11\/Couch-150x150.jpg\" class=\"attachment-thumbnail size-thumbnail\" alt=\"\" aria-describedby=\"gallery-1-163\" \/><\/a>\n\t\t\t<\/dt>\n\t\t\t\t<dd class='wp-caption-text gallery-caption' id='gallery-1-163'>\n\t\t\t\tCouch \n\t\t\t\t<\/dd><\/dl><br style=\"clear: both\" \/>\n\t\t<\/div>\n\n","protected":false},"excerpt":{"rendered":"<p>Ob Leder- oder Stoffbez\u00fcge, wenn Ihre Sitzm\u00f6bel einen neuen Bezug ben\u00f6tigen, dann sind Sie bei uns genau richtig. Wir beziehen Ihr Lieblingsst\u00fcck nicht nur neu, sondern verbessern auch das gesamte Innenleben bei Bedarf. Dies gelingt uns durch jahrelange Arbeit mit einigen kompetenten Schreiner &#8211; Fachbetrieben in n\u00e4herer Umgebung. Aus dieser gemeinsamen Produktion entstehen absolute Einzelst\u00fccke [&hellip;]<\/p>\n","protected":false},"author":1,"featured_media":0,"parent":0,"menu_order":0,"comment_status":"closed","ping_status":"closed","template":"","meta":{"_et_pb_use_builder":"","_et_pb_old_content":"","_et_gb_content_width":"","footnotes":""},"class_list":["post-67","page","type-page","status-publish","hentry"],"jetpack_sharing_enabled":true,"_links":{"self":[{"href":"https:\/\/autosattlereibunn.de\/index.php?rest_route=\/wp\/v2\/pages\/67","targetHints":{"allow":["GET"]}}],"collection":[{"href":"https:\/\/autosattlereibunn.de\/index.php?rest_route=\/wp\/v2\/pages"}],"about":[{"href":"https:\/\/autosattlereibunn.de\/index.php?rest_route=\/wp\/v2\/types\/page"}],"author":[{"embeddable":true,"href":"https:\/\/autosattlereibunn.de\/index.php?rest_route=\/wp\/v2\/users\/1"}],"replies":[{"embeddable":true,"href":"https:\/\/autosattlereibunn.de\/index.php?rest_route=%2Fwp%2Fv2%2Fcomments&post=67"}],"version-history":[{"count":4,"href":"https:\/\/autosattlereibunn.de\/index.php?rest_route=\/wp\/v2\/pages\/67\/revisions"}],"predecessor-version":[{"id":164,"href":"https:\/\/autosattlereibunn.de\/index.php?rest_route=\/wp\/v2\/pages\/67\/revisions\/164"}],"wp:attachment":[{"href":"https:\/\/autosattlereibunn.de\/index.php?rest_route=%2Fwp%2Fv2%2Fmedia&parent=67"}],"curies":[{"name":"wp","href":"https:\/\/api.w.org\/{rel}","templated":true}]}}