{"id":69,"date":"2013-11-08T09:16:55","date_gmt":"2013-11-08T07:16:55","guid":{"rendered":"http:\/\/autosattlereibunn.de\/wordpress\/?page_id=69"},"modified":"2022-09-09T21:10:08","modified_gmt":"2022-09-09T19:10:08","slug":"motorradsitzbaenke","status":"publish","type":"page","link":"https:\/\/autosattlereibunn.de\/?page_id=69","title":{"rendered":"Motorradsitzbank"},"content":{"rendered":"<p>Ihre Motorradsitzbank ist bei uns in kompetenten H\u00e4nden, vom Neubezug in Kunstleder, echt Leder oder Alcantara mit individueller Stickerei, \u00fcber die \u00c4nderung der Polsterung (z.B. weicher, schmaller, breiter, tiefer, usw.) bis zur Grundplatten-Umgestaltung oder gar zur kompletten Eigenentwicklung in unserem Unternehmen. Der Einbau von Sitzheizungen oder Geleinlagen ist mittlerweile standard.<\/p>\n<p>In unseren umfangreichen Kollektionen von\u00a0Kunstleder in verschiedensten Qualit\u00e4ten, Farben und Pr\u00e4gungen finden sich sowohl rutschhemmende Materialien, als auch wasserfestes Kunstleder, Tierhaut &#8211; Imitationen, Effektmaterialien (z.B.: Carbon- oder Aluminium-Optik) uvm.<\/p>\n<p>Gerne k\u00f6nnen Sie einen Termin zur fachkundigen Beratung f\u00fcr mit uns vereinbaren.<\/p>\n\n\t\t<style type=\"text\/css\">\n\t\t\t#gallery-1 {\n\t\t\t\tmargin: auto;\n\t\t\t}\n\t\t\t#gallery-1 .gallery-item {\n\t\t\t\tfloat: left;\n\t\t\t\tmargin-top: 10px;\n\t\t\t\ttext-align: center;\n\t\t\t\twidth: 33%;\n\t\t\t}\n\t\t\t#gallery-1 img {\n\t\t\t\tborder: 2px solid #cfcfcf;\n\t\t\t}\n\t\t\t#gallery-1 .gallery-caption {\n\t\t\t\tmargin-left: 0;\n\t\t\t}\n\t\t\t\/* see gallery_shortcode() in wp-includes\/media.php *\/\n\t\t<\/style>\n\t\t<div id='gallery-1' class='gallery galleryid-69 gallery-columns-3 gallery-size-thumbnail'><dl class='gallery-item'>\n\t\t\t<dt class='gallery-icon landscape'>\n\t\t\t\t<a href='https:\/\/autosattlereibunn.de\/?attachment_id=181'><img loading=\"lazy\" decoding=\"async\" width=\"150\" height=\"150\" src=\"https:\/\/autosattlereibunn.de\/wp-content\/uploads\/2014\/07\/DSCF0428-150x150.jpg\" class=\"attachment-thumbnail size-thumbnail\" alt=\"\" \/><\/a>\n\t\t\t<\/dt><\/dl><dl class='gallery-item'>\n\t\t\t<dt class='gallery-icon landscape'>\n\t\t\t\t<a href='https:\/\/autosattlereibunn.de\/?attachment_id=180'><img loading=\"lazy\" decoding=\"async\" width=\"150\" height=\"150\" src=\"https:\/\/autosattlereibunn.de\/wp-content\/uploads\/2014\/07\/DSCF0707-150x150.jpg\" class=\"attachment-thumbnail size-thumbnail\" alt=\"\" \/><\/a>\n\t\t\t<\/dt><\/dl><dl class='gallery-item'>\n\t\t\t<dt class='gallery-icon landscape'>\n\t\t\t\t<a href='https:\/\/autosattlereibunn.de\/?attachment_id=179'><img loading=\"lazy\" decoding=\"async\" width=\"150\" height=\"150\" src=\"https:\/\/autosattlereibunn.de\/wp-content\/uploads\/2014\/07\/Harley-V-Rod-2-Kopie-150x150.jpg\" class=\"attachment-thumbnail size-thumbnail\" alt=\"\" aria-describedby=\"gallery-1-179\" \/><\/a>\n\t\t\t<\/dt>\n\t\t\t\t<dd class='wp-caption-text gallery-caption' id='gallery-1-179'>\n\t\t\t\tHarley Davidson VRod Packtaschen\n\t\t\t\t<\/dd><\/dl><br style=\"clear: both\" \/><dl class='gallery-item'>\n\t\t\t<dt class='gallery-icon landscape'>\n\t\t\t\t<a href='https:\/\/autosattlereibunn.de\/?attachment_id=178'><img loading=\"lazy\" decoding=\"async\" width=\"150\" height=\"150\" src=\"https:\/\/autosattlereibunn.de\/wp-content\/uploads\/2014\/07\/Sitzbank-Suzuki-8-150x150.jpg\" class=\"attachment-thumbnail size-thumbnail\" alt=\"\" \/><\/a>\n\t\t\t<\/dt><\/dl><dl class='gallery-item'>\n\t\t\t<dt class='gallery-icon landscape'>\n\t\t\t\t<a href='https:\/\/autosattlereibunn.de\/?attachment_id=177'><img loading=\"lazy\" decoding=\"async\" width=\"150\" height=\"150\" src=\"https:\/\/autosattlereibunn.de\/wp-content\/uploads\/2014\/07\/Sitzbank-Suzuki-1-150x150.jpg\" class=\"attachment-thumbnail size-thumbnail\" alt=\"\" \/><\/a>\n\t\t\t<\/dt><\/dl><dl class='gallery-item'>\n\t\t\t<dt class='gallery-icon landscape'>\n\t\t\t\t<a href='https:\/\/autosattlereibunn.de\/?attachment_id=176'><img loading=\"lazy\" decoding=\"async\" width=\"150\" height=\"150\" src=\"https:\/\/autosattlereibunn.de\/wp-content\/uploads\/2014\/07\/Sitzbank-BMW-2-Kopie-150x150.jpg\" class=\"attachment-thumbnail size-thumbnail\" alt=\"\" \/><\/a>\n\t\t\t<\/dt><\/dl><br style=\"clear: both\" \/><dl class='gallery-item'>\n\t\t\t<dt class='gallery-icon landscape'>\n\t\t\t\t<a href='https:\/\/autosattlereibunn.de\/?attachment_id=225'><img loading=\"lazy\" decoding=\"async\" width=\"150\" height=\"150\" src=\"https:\/\/autosattlereibunn.de\/wp-content\/uploads\/2013\/11\/11430270_950041921684975_1183038150106508041_n-150x150.jpg\" class=\"attachment-thumbnail size-thumbnail\" alt=\"\" aria-describedby=\"gallery-1-225\" \/><\/a>\n\t\t\t<\/dt>\n\t\t\t\t<dd class='wp-caption-text gallery-caption' id='gallery-1-225'>\n\t\t\t\tBMW S1000RR\n\t\t\t\t<\/dd><\/dl><dl class='gallery-item'>\n\t\t\t<dt class='gallery-icon landscape'>\n\t\t\t\t<a href='https:\/\/autosattlereibunn.de\/?attachment_id=227'><img loading=\"lazy\" decoding=\"async\" width=\"150\" height=\"150\" src=\"https:\/\/autosattlereibunn.de\/wp-content\/uploads\/2013\/11\/168182_182892645066577_4023583_n-150x150.jpg\" class=\"attachment-thumbnail size-thumbnail\" alt=\"\" \/><\/a>\n\t\t\t<\/dt><\/dl><dl class='gallery-item'>\n\t\t\t<dt class='gallery-icon landscape'>\n\t\t\t\t<a href='https:\/\/autosattlereibunn.de\/?attachment_id=228'><img loading=\"lazy\" decoding=\"async\" width=\"150\" height=\"150\" src=\"https:\/\/autosattlereibunn.de\/wp-content\/uploads\/2013\/11\/1039821_837907209565114_6161630940825938802_o-150x150.jpg\" class=\"attachment-thumbnail size-thumbnail\" alt=\"\" \/><\/a>\n\t\t\t<\/dt><\/dl><br style=\"clear: both\" \/><dl class='gallery-item'>\n\t\t\t<dt class='gallery-icon landscape'>\n\t\t\t\t<a href='https:\/\/autosattlereibunn.de\/?attachment_id=229'><img loading=\"lazy\" decoding=\"async\" width=\"150\" height=\"150\" src=\"https:\/\/autosattlereibunn.de\/wp-content\/uploads\/2013\/11\/1782320_705738412781995_1643556848_o-150x150.jpg\" class=\"attachment-thumbnail size-thumbnail\" alt=\"\" \/><\/a>\n\t\t\t<\/dt><\/dl><dl class='gallery-item'>\n\t\t\t<dt class='gallery-icon landscape'>\n\t\t\t\t<a href='https:\/\/autosattlereibunn.de\/?attachment_id=230'><img loading=\"lazy\" decoding=\"async\" width=\"150\" height=\"150\" src=\"https:\/\/autosattlereibunn.de\/wp-content\/uploads\/2013\/11\/169065_182889915066850_1412448_n-150x150.jpg\" class=\"attachment-thumbnail size-thumbnail\" alt=\"\" \/><\/a>\n\t\t\t<\/dt><\/dl><dl class='gallery-item'>\n\t\t\t<dt class='gallery-icon landscape'>\n\t\t\t\t<a href='https:\/\/autosattlereibunn.de\/?attachment_id=231'><img loading=\"lazy\" decoding=\"async\" width=\"150\" height=\"150\" src=\"https:\/\/autosattlereibunn.de\/wp-content\/uploads\/2013\/11\/169085_182891535066688_461823_n-150x150.jpg\" class=\"attachment-thumbnail size-thumbnail\" alt=\"\" \/><\/a>\n\t\t\t<\/dt><\/dl><br style=\"clear: both\" \/>\n\t\t<\/div>\n\n","protected":false},"excerpt":{"rendered":"<p>Ihre Motorradsitzbank ist bei uns in kompetenten H\u00e4nden, vom Neubezug in Kunstleder, echt Leder oder Alcantara mit individueller Stickerei, \u00fcber die \u00c4nderung der Polsterung (z.B. weicher, schmaller, breiter, tiefer, usw.) bis zur Grundplatten-Umgestaltung oder gar zur kompletten Eigenentwicklung in unserem Unternehmen. Der Einbau von Sitzheizungen oder Geleinlagen ist mittlerweile standard. In unseren umfangreichen Kollektionen von\u00a0Kunstleder [&hellip;]<\/p>\n","protected":false},"author":1,"featured_media":0,"parent":0,"menu_order":0,"comment_status":"closed","ping_status":"closed","template":"","meta":{"_et_pb_use_builder":"","_et_pb_old_content":"","_et_gb_content_width":"","footnotes":""},"class_list":["post-69","page","type-page","status-publish","hentry"],"jetpack_sharing_enabled":true,"_links":{"self":[{"href":"https:\/\/autosattlereibunn.de\/index.php?rest_route=\/wp\/v2\/pages\/69","targetHints":{"allow":["GET"]}}],"collection":[{"href":"https:\/\/autosattlereibunn.de\/index.php?rest_route=\/wp\/v2\/pages"}],"about":[{"href":"https:\/\/autosattlereibunn.de\/index.php?rest_route=\/wp\/v2\/types\/page"}],"author":[{"embeddable":true,"href":"https:\/\/autosattlereibunn.de\/index.php?rest_route=\/wp\/v2\/users\/1"}],"replies":[{"embeddable":true,"href":"https:\/\/autosattlereibunn.de\/index.php?rest_route=%2Fwp%2Fv2%2Fcomments&post=69"}],"version-history":[{"count":7,"href":"https:\/\/autosattlereibunn.de\/index.php?rest_route=\/wp\/v2\/pages\/69\/revisions"}],"predecessor-version":[{"id":312,"href":"https:\/\/autosattlereibunn.de\/index.php?rest_route=\/wp\/v2\/pages\/69\/revisions\/312"}],"wp:attachment":[{"href":"https:\/\/autosattlereibunn.de\/index.php?rest_route=%2Fwp%2Fv2%2Fmedia&parent=69"}],"curies":[{"name":"wp","href":"https:\/\/api.w.org\/{rel}","templated":true}]}}